{"id":24508,"date":"2018-11-19T19:50:38","date_gmt":"2018-11-20T00:50:38","guid":{"rendered":"https:\/\/diplovet.com.co\/sitio\/home\/"},"modified":"2024-10-22T09:44:02","modified_gmt":"2024-10-22T14:44:02","slug":"diplovet-formacion-veterinaria-en-linea","status":"publish","type":"page","link":"https:\/\/diplovet.com.co\/sitio\/","title":{"rendered":"Inicio"},"content":{"rendered":"\t\t<div data-elementor-type=\"wp-post\" data-elementor-id=\"24508\" class=\"elementor elementor-24508\" data-elementor-post-type=\"page\">\n\t\t\t\t\t\t<section class=\"elementor-section elementor-top-section elementor-element elementor-element-53d02b5a elementor-section-boxed elementor-section-height-default elementor-section-height-default\" data-id=\"53d02b5a\" data-element_type=\"section\" data-e-type=\"section\" data-settings=\"{&quot;background_background&quot;:&quot;classic&quot;}\">\n\t\t\t\t\t\t\t<div class=\"elementor-background-overlay\"><\/div>\n\t\t\t\t\t\t\t<div class=\"elementor-container elementor-column-gap-default\">\n\t\t\t\t\t<div class=\"elementor-column elementor-col-100 elementor-top-column elementor-element elementor-element-155c094d\" data-id=\"155c094d\" data-element_type=\"column\" data-e-type=\"column\">\n\t\t\t<div class=\"elementor-widget-wrap elementor-element-populated\">\n\t\t\t\t\t\t<div class=\"elementor-element elementor-element-75de0c89 elementor-widget elementor-widget-image-box\" data-id=\"75de0c89\" data-element_type=\"widget\" data-e-type=\"widget\" data-widget_type=\"image-box.default\">\n\t\t\t\t<div class=\"elementor-widget-container\">\n\t\t\t\t\t<div class=\"elementor-image-box-wrapper\"><div class=\"elementor-image-box-content\"><h1 class=\"elementor-image-box-title\">Aprende con los mejores<\/h1><p class=\"elementor-image-box-description\">Expertos internacionales dispuestos a compartir todo su conocimiento con nosotros.<\/p><\/div><\/div>\t\t\t\t<\/div>\n\t\t\t\t<\/div>\n\t\t\t\t<div class=\"elementor-element elementor-element-1213f093 elementor-align-center elementor-mobile-align-center elementor-widget elementor-widget-button\" data-id=\"1213f093\" data-element_type=\"widget\" data-e-type=\"widget\" data-widget_type=\"button.default\">\n\t\t\t\t<div class=\"elementor-widget-container\">\n\t\t\t\t\t\t\t\t\t<div class=\"elementor-button-wrapper\">\n\t\t\t\t\t<a class=\"elementor-button elementor-button-link elementor-size-lg\" href=\"https:\/\/improveinternational.com\/global\/online\/\">\n\t\t\t\t\t\t<span class=\"elementor-button-content-wrapper\">\n\t\t\t\t\t\t\t\t\t<span class=\"elementor-button-text\">Ver Nuevo Curso<\/span>\n\t\t\t\t\t<\/span>\n\t\t\t\t\t<\/a>\n\t\t\t\t<\/div>\n\t\t\t\t\t\t\t\t<\/div>\n\t\t\t\t<\/div>\n\t\t\t\t\t<\/div>\n\t\t<\/div>\n\t\t\t\t\t<\/div>\n\t\t<\/section>\n\t\t\t\t<section class=\"elementor-section elementor-top-section elementor-element elementor-element-1e537621 elementor-section-boxed elementor-section-height-default elementor-section-height-default\" data-id=\"1e537621\" data-element_type=\"section\" data-e-type=\"section\" data-settings=\"{&quot;background_background&quot;:&quot;classic&quot;}\">\n\t\t\t\t\t\t<div class=\"elementor-container elementor-column-gap-default\">\n\t\t\t\t\t<div class=\"elementor-column elementor-col-100 elementor-top-column elementor-element elementor-element-259f3103\" data-id=\"259f3103\" data-element_type=\"column\" data-e-type=\"column\">\n\t\t\t<div class=\"elementor-widget-wrap elementor-element-populated\">\n\t\t\t\t\t\t<section class=\"elementor-section elementor-inner-section elementor-element elementor-element-5b4952c1 elementor-section-boxed elementor-section-height-default elementor-section-height-default\" data-id=\"5b4952c1\" data-element_type=\"section\" data-e-type=\"section\">\n\t\t\t\t\t\t<div class=\"elementor-container elementor-column-gap-default\">\n\t\t\t\t\t<div class=\"elementor-column elementor-col-33 elementor-inner-column elementor-element elementor-element-4fd7f709\" data-id=\"4fd7f709\" data-element_type=\"column\" data-e-type=\"column\" data-settings=\"{&quot;background_background&quot;:&quot;classic&quot;}\">\n\t\t\t<div class=\"elementor-widget-wrap elementor-element-populated\">\n\t\t\t\t\t\t<div class=\"elementor-element elementor-element-94bce2e elementor-view-default elementor-position-block-start elementor-mobile-position-block-start elementor-widget elementor-widget-icon-box\" data-id=\"94bce2e\" data-element_type=\"widget\" data-e-type=\"widget\" data-widget_type=\"icon-box.default\">\n\t\t\t\t<div class=\"elementor-widget-container\">\n\t\t\t\t\t\t\t<div class=\"elementor-icon-box-wrapper\">\n\n\t\t\t\t\t\t<div class=\"elementor-icon-box-icon\">\n\t\t\t\t<span  class=\"elementor-icon\">\n\t\t\t\t<i aria-hidden=\"true\" class=\"fas fa-thumbs-up\"><\/i>\t\t\t\t<\/span>\n\t\t\t<\/div>\n\t\t\t\n\t\t\t\t\t\t<div class=\"elementor-icon-box-content\">\n\n\t\t\t\t\t\t\t\t\t<h3 class=\"elementor-icon-box-title\">\n\t\t\t\t\t\t<span  >\n\t\t\t\t\t\t\tCertificaci\u00f3n\t\t\t\t\t\t<\/span>\n\t\t\t\t\t<\/h3>\n\t\t\t\t\n\t\t\t\t\t\t\t\t\t<p class=\"elementor-icon-box-description\">\n\t\t\t\t\t\tPosgrados certificados por GPCert - Improve\t\t\t\t\t<\/p>\n\t\t\t\t\n\t\t\t<\/div>\n\t\t\t\n\t\t<\/div>\n\t\t\t\t\t\t<\/div>\n\t\t\t\t<\/div>\n\t\t\t\t\t<\/div>\n\t\t<\/div>\n\t\t\t\t<div class=\"elementor-column elementor-col-33 elementor-inner-column elementor-element elementor-element-1ce5f945\" data-id=\"1ce5f945\" data-element_type=\"column\" data-e-type=\"column\" data-settings=\"{&quot;background_background&quot;:&quot;classic&quot;}\">\n\t\t\t<div class=\"elementor-widget-wrap elementor-element-populated\">\n\t\t\t\t\t\t<div class=\"elementor-element elementor-element-442c7c2 elementor-view-default elementor-position-block-start elementor-mobile-position-block-start elementor-widget elementor-widget-icon-box\" data-id=\"442c7c2\" data-element_type=\"widget\" data-e-type=\"widget\" data-widget_type=\"icon-box.default\">\n\t\t\t\t<div class=\"elementor-widget-container\">\n\t\t\t\t\t\t\t<div class=\"elementor-icon-box-wrapper\">\n\n\t\t\t\t\t\t<div class=\"elementor-icon-box-icon\">\n\t\t\t\t<span  class=\"elementor-icon\">\n\t\t\t\t<i aria-hidden=\"true\" class=\"fas fa-graduation-cap\"><\/i>\t\t\t\t<\/span>\n\t\t\t<\/div>\n\t\t\t\n\t\t\t\t\t\t<div class=\"elementor-icon-box-content\">\n\n\t\t\t\t\t\t\t\t\t<h3 class=\"elementor-icon-box-title\">\n\t\t\t\t\t\t<span  >\n\t\t\t\t\t\t\tDocentes\t\t\t\t\t\t<\/span>\n\t\t\t\t\t<\/h3>\n\t\t\t\t\n\t\t\t\t\t\t\t\t\t<p class=\"elementor-icon-box-description\">\n\t\t\t\t\t\tAprende con expertos internacionales \t\t\t\t\t<\/p>\n\t\t\t\t\n\t\t\t<\/div>\n\t\t\t\n\t\t<\/div>\n\t\t\t\t\t\t<\/div>\n\t\t\t\t<\/div>\n\t\t\t\t\t<\/div>\n\t\t<\/div>\n\t\t\t\t<div class=\"elementor-column elementor-col-33 elementor-inner-column elementor-element elementor-element-3c0f7d8a\" data-id=\"3c0f7d8a\" data-element_type=\"column\" data-e-type=\"column\" data-settings=\"{&quot;background_background&quot;:&quot;classic&quot;}\">\n\t\t\t<div class=\"elementor-widget-wrap elementor-element-populated\">\n\t\t\t\t\t\t<div class=\"elementor-element elementor-element-a4dfd3d elementor-view-default elementor-position-block-start elementor-mobile-position-block-start elementor-widget elementor-widget-icon-box\" data-id=\"a4dfd3d\" data-element_type=\"widget\" data-e-type=\"widget\" data-widget_type=\"icon-box.default\">\n\t\t\t\t<div class=\"elementor-widget-container\">\n\t\t\t\t\t\t\t<div class=\"elementor-icon-box-wrapper\">\n\n\t\t\t\t\t\t<div class=\"elementor-icon-box-icon\">\n\t\t\t\t<span  class=\"elementor-icon\">\n\t\t\t\t<i aria-hidden=\"true\" class=\"fas fa-star\"><\/i>\t\t\t\t<\/span>\n\t\t\t<\/div>\n\t\t\t\n\t\t\t\t\t\t<div class=\"elementor-icon-box-content\">\n\n\t\t\t\t\t\t\t\t\t<h3 class=\"elementor-icon-box-title\">\n\t\t\t\t\t\t<span  >\n\t\t\t\t\t\t\tMaterial  Exclusivo\t\t\t\t\t\t<\/span>\n\t\t\t\t\t<\/h3>\n\t\t\t\t\n\t\t\t\t\t\t\t\t\t<p class=\"elementor-icon-box-description\">\n\t\t\t\t\t\tContenido acad\u00e9mico <br>\nde alta calidad\t\t\t\t\t<\/p>\n\t\t\t\t\n\t\t\t<\/div>\n\t\t\t\n\t\t<\/div>\n\t\t\t\t\t\t<\/div>\n\t\t\t\t<\/div>\n\t\t\t\t\t<\/div>\n\t\t<\/div>\n\t\t\t\t\t<\/div>\n\t\t<\/section>\n\t\t\t\t\t<\/div>\n\t\t<\/div>\n\t\t\t\t\t<\/div>\n\t\t<\/section>\n\t\t\t\t<section class=\"elementor-section elementor-top-section elementor-element elementor-element-167ad56c elementor-section-content-middle elementor-section-boxed elementor-section-height-default elementor-section-height-default\" data-id=\"167ad56c\" data-element_type=\"section\" data-e-type=\"section\" data-settings=\"{&quot;background_background&quot;:&quot;classic&quot;}\">\n\t\t\t\t\t\t<div class=\"elementor-container elementor-column-gap-no\">\n\t\t\t\t\t<div class=\"elementor-column elementor-col-100 elementor-top-column elementor-element elementor-element-6b398a77\" data-id=\"6b398a77\" data-element_type=\"column\" data-e-type=\"column\">\n\t\t\t<div class=\"elementor-widget-wrap elementor-element-populated\">\n\t\t\t\t\t\t<div class=\"elementor-element elementor-element-77cc4f87 elementor-widget elementor-widget-heading\" data-id=\"77cc4f87\" data-element_type=\"widget\" data-e-type=\"widget\" data-widget_type=\"heading.default\">\n\t\t\t\t<div class=\"elementor-widget-container\">\n\t\t\t\t\t<h4 class=\"elementor-heading-title elementor-size-default\">Todos nuestros Cursos<\/h4>\t\t\t\t<\/div>\n\t\t\t\t<\/div>\n\t\t\t\t<div class=\"elementor-element elementor-element-300f11d1 elementor-widget elementor-widget-text-editor\" data-id=\"300f11d1\" data-element_type=\"widget\" data-e-type=\"widget\" data-widget_type=\"text-editor.default\">\n\t\t\t\t<div class=\"elementor-widget-container\">\n\t\t\t\t\t\t\t\t\t<h6><span style=\"color: #ffffff;\">Son muchas las ventajas de invertir en programas de posgrado para veterinarios.<\/span><br \/><span style=\"color: #ffffff;\">Nuestros estudiantes desean seguir aprendiendo nuevas habilidades y adquirir nuevos conocimientos y valiosas cualificaciones en \u00e1reas espec\u00edficas a lo largo de su carrera.<\/span><\/h6>\t\t\t\t\t\t\t\t<\/div>\n\t\t\t\t<\/div>\n\t\t\t\t<div class=\"elementor-element elementor-element-75fbfc69 elementor-align-center elementor-widget elementor-widget-button\" data-id=\"75fbfc69\" data-element_type=\"widget\" data-e-type=\"widget\" data-widget_type=\"button.default\">\n\t\t\t\t<div class=\"elementor-widget-container\">\n\t\t\t\t\t\t\t\t\t<div class=\"elementor-button-wrapper\">\n\t\t\t\t\t<a class=\"elementor-button elementor-size-sm elementor-animation-grow\" role=\"button\">\n\t\t\t\t\t\t<span class=\"elementor-button-content-wrapper\">\n\t\t\t\t\t\t\t\t\t<span class=\"elementor-button-text\">Muy pronto<\/span>\n\t\t\t\t\t<\/span>\n\t\t\t\t\t<\/a>\n\t\t\t\t<\/div>\n\t\t\t\t\t\t\t\t<\/div>\n\t\t\t\t<\/div>\n\t\t\t\t\t<\/div>\n\t\t<\/div>\n\t\t\t\t\t<\/div>\n\t\t<\/section>\n\t\t\t\t<\/div>\n\t\t","protected":false},"excerpt":{"rendered":"<p>Aprende con los mejores Expertos internacionales dispuestos a compartir todo su conocimiento con nosotros. Ver Nuevo Curso Certificaci\u00f3n Posgrados certificados por GPCert &#8211; Improve Docentes Aprende con expertos internacionales Material Exclusivo Contenido acad\u00e9mico de alta calidad Todos nuestros Cursos Son muchas las ventajas de invertir en programas de posgrado para veterinarios.Nuestros estudiantes desean seguir aprendiendo [&hellip;]<\/p>\n","protected":false},"author":1,"featured_media":0,"parent":0,"menu_order":0,"comment_status":"closed","ping_status":"closed","template":"","meta":{"site-sidebar-layout":"no-sidebar","site-content-layout":"page-builder","ast-site-content-layout":"full-width-container","site-content-style":"unboxed","site-sidebar-style":"unboxed","ast-global-header-display":"","ast-banner-title-visibility":"","ast-main-header-display":"","ast-hfb-above-header-display":"","ast-hfb-below-header-display":"","ast-hfb-mobile-header-display":"","site-post-title":"disabled","ast-breadcrumbs-content":"","ast-featured-img":"","footer-sml-layout":"","ast-disable-related-posts":"","theme-transparent-header-meta":"enabled","adv-header-id-meta":"","stick-header-meta":"","header-above-stick-meta":"","header-main-stick-meta":"","header-below-stick-meta":"","astra-migrate-meta-layouts":"set","ast-page-background-enabled":"default","ast-page-background-meta":{"desktop":{"background-color":"","background-image":"","background-repeat":"repeat","background-position":"center center","background-size":"auto","background-attachment":"scroll","background-type":"","background-media":"","overlay-type":"","overlay-color":"","overlay-opacity":"","overlay-gradient":""},"tablet":{"background-color":"","background-image":"","background-repeat":"repeat","background-position":"center center","background-size":"auto","background-attachment":"scroll","background-type":"","background-media":"","overlay-type":"","overlay-color":"","overlay-opacity":"","overlay-gradient":""},"mobile":{"background-color":"","background-image":"","background-repeat":"repeat","background-position":"center center","background-size":"auto","background-attachment":"scroll","background-type":"","background-media":"","overlay-type":"","overlay-color":"","overlay-opacity":"","overlay-gradient":""}},"ast-content-background-meta":{"desktop":{"background-color":"var(--ast-global-color-5)","background-image":"","background-repeat":"repeat","background-position":"center center","background-size":"auto","background-attachment":"scroll","background-type":"","background-media":"","overlay-type":"","overlay-color":"","overlay-opacity":"","overlay-gradient":""},"tablet":{"background-color":"var(--ast-global-color-5)","background-image":"","background-repeat":"repeat","background-position":"center center","background-size":"auto","background-attachment":"scroll","background-type":"","background-media":"","overlay-type":"","overlay-color":"","overlay-opacity":"","overlay-gradient":""},"mobile":{"background-color":"var(--ast-global-color-5)","background-image":"","background-repeat":"repeat","background-position":"center center","background-size":"auto","background-attachment":"scroll","background-type":"","background-media":"","overlay-type":"","overlay-color":"","overlay-opacity":"","overlay-gradient":""}},"_joinchat":[],"footnotes":""},"class_list":["post-24508","page","type-page","status-publish","hentry"],"yoast_head":"<!-- This site is optimized with the Yoast SEO plugin v25.6 - https:\/\/yoast.com\/wordpress\/plugins\/seo\/ -->\n<title>Inicio - Diplovet<\/title>\n<meta name=\"description\" content=\"Nuestros programas online representan una nueva etapa en la formaci\u00f3n continua veterinaria. Aunque est\u00e1n divididos en diferentes categor\u00edas, todos estos cursos favorecen un enfoque digital, que cambiar\u00e1 la forma en que aprendes y organizas tu horario.\" \/>\n<meta name=\"robots\" content=\"index, follow, max-snippet:-1, max-image-preview:large, max-video-preview:-1\" \/>\n<link rel=\"canonical\" href=\"https:\/\/diplovet.com.co\/sitio\/\" \/>\n<meta property=\"og:locale\" content=\"es_ES\" \/>\n<meta property=\"og:type\" content=\"article\" \/>\n<meta property=\"og:title\" content=\"Diplovet - Improve -\" \/>\n<meta property=\"og:description\" content=\"Posgrados Veterinarios en linea\" \/>\n<meta property=\"og:url\" content=\"https:\/\/diplovet.com.co\/sitio\/\" \/>\n<meta property=\"og:site_name\" content=\"Diplovet\" \/>\n<meta property=\"article:publisher\" content=\"https:\/\/www.facebook.com\/diplovetcolombia\" \/>\n<meta property=\"article:modified_time\" content=\"2024-10-22T14:44:02+00:00\" \/>\n<meta property=\"og:image\" content=\"https:\/\/diplovet.com.co\/sitio\/wp-content\/uploads\/2024\/04\/WhatsApp-Image-2024-04-11-at-6.49.41-PM.jpeg\" \/>\n\t<meta property=\"og:image:width\" content=\"1080\" \/>\n\t<meta property=\"og:image:height\" content=\"1080\" \/>\n\t<meta property=\"og:image:type\" content=\"image\/jpeg\" \/>\n<meta name=\"twitter:card\" content=\"summary_large_image\" \/>\n<meta name=\"twitter:title\" content=\"Diplovet - Improve -\" \/>\n<meta name=\"twitter:description\" content=\"Posgrados Veterinarios en linea\" \/>\n<meta name=\"twitter:image\" content=\"https:\/\/i0.wp.com\/diplovet.com.co\/sitio\/wp-content\/uploads\/2024\/04\/WhatsApp-Image-2024-04-11-at-6.49.41-PM.jpeg?fit=1080%2C1080&ssl=1\" \/>\n<meta name=\"twitter:label1\" content=\"Tiempo de lectura\" \/>\n\t<meta name=\"twitter:data1\" content=\"1 minuto\" \/>\n<script type=\"application\/ld+json\" class=\"yoast-schema-graph\">{\"@context\":\"https:\/\/schema.org\",\"@graph\":[{\"@type\":\"WebPage\",\"@id\":\"https:\/\/diplovet.com.co\/sitio\/\",\"url\":\"https:\/\/diplovet.com.co\/sitio\/\",\"name\":\"Inicio - Diplovet\",\"isPartOf\":{\"@id\":\"https:\/\/diplovet.com.co\/sitio\/#website\"},\"datePublished\":\"2018-11-20T00:50:38+00:00\",\"dateModified\":\"2024-10-22T14:44:02+00:00\",\"description\":\"Nuestros programas online representan una nueva etapa en la formaci\u00f3n continua veterinaria. Aunque est\u00e1n divididos en diferentes categor\u00edas, todos estos cursos favorecen un enfoque digital, que cambiar\u00e1 la forma en que aprendes y organizas tu horario.\",\"breadcrumb\":{\"@id\":\"https:\/\/diplovet.com.co\/sitio\/#breadcrumb\"},\"inLanguage\":\"es\",\"potentialAction\":[{\"@type\":\"ReadAction\",\"target\":[\"https:\/\/diplovet.com.co\/sitio\/\"]}]},{\"@type\":\"BreadcrumbList\",\"@id\":\"https:\/\/diplovet.com.co\/sitio\/#breadcrumb\",\"itemListElement\":[{\"@type\":\"ListItem\",\"position\":1,\"name\":\"Portada\",\"item\":\"https:\/\/diplovet.com.co\/sitio\/\"},{\"@type\":\"ListItem\",\"position\":2,\"name\":\"Inicio\"}]},{\"@type\":\"WebSite\",\"@id\":\"https:\/\/diplovet.com.co\/sitio\/#website\",\"url\":\"https:\/\/diplovet.com.co\/sitio\/\",\"name\":\"Diplovet\",\"description\":\"Formaci\u00f3n veterinaria en linea\",\"publisher\":{\"@id\":\"https:\/\/diplovet.com.co\/sitio\/#organization\"},\"potentialAction\":[{\"@type\":\"SearchAction\",\"target\":{\"@type\":\"EntryPoint\",\"urlTemplate\":\"https:\/\/diplovet.com.co\/sitio\/?s={search_term_string}\"},\"query-input\":{\"@type\":\"PropertyValueSpecification\",\"valueRequired\":true,\"valueName\":\"search_term_string\"}}],\"inLanguage\":\"es\"},{\"@type\":\"Organization\",\"@id\":\"https:\/\/diplovet.com.co\/sitio\/#organization\",\"name\":\"Diplovet\",\"url\":\"https:\/\/diplovet.com.co\/sitio\/\",\"logo\":{\"@type\":\"ImageObject\",\"inLanguage\":\"es\",\"@id\":\"https:\/\/diplovet.com.co\/sitio\/#\/schema\/logo\/image\/\",\"url\":\"https:\/\/diplovet.com.co\/sitio\/wp-content\/uploads\/2024\/04\/WhatsApp-Image-2024-04-11-at-6.49.41-PM.jpeg\",\"contentUrl\":\"https:\/\/diplovet.com.co\/sitio\/wp-content\/uploads\/2024\/04\/WhatsApp-Image-2024-04-11-at-6.49.41-PM.jpeg\",\"width\":1080,\"height\":1080,\"caption\":\"Diplovet\"},\"image\":{\"@id\":\"https:\/\/diplovet.com.co\/sitio\/#\/schema\/logo\/image\/\"},\"sameAs\":[\"https:\/\/www.facebook.com\/diplovetcolombia\",\"https:\/\/www.instagram.com\/diplovetcolombia\"]}]}<\/script>\n<!-- \/ Yoast SEO plugin. -->","yoast_head_json":{"title":"Inicio - Diplovet","description":"Nuestros programas online representan una nueva etapa en la formaci\u00f3n continua veterinaria. Aunque est\u00e1n divididos en diferentes categor\u00edas, todos estos cursos favorecen un enfoque digital, que cambiar\u00e1 la forma en que aprendes y organizas tu horario.","robots":{"index":"index","follow":"follow","max-snippet":"max-snippet:-1","max-image-preview":"max-image-preview:large","max-video-preview":"max-video-preview:-1"},"canonical":"https:\/\/diplovet.com.co\/sitio\/","og_locale":"es_ES","og_type":"article","og_title":"Diplovet - Improve -","og_description":"Posgrados Veterinarios en linea","og_url":"https:\/\/diplovet.com.co\/sitio\/","og_site_name":"Diplovet","article_publisher":"https:\/\/www.facebook.com\/diplovetcolombia","article_modified_time":"2024-10-22T14:44:02+00:00","og_image":[{"width":1080,"height":1080,"url":"https:\/\/diplovet.com.co\/sitio\/wp-content\/uploads\/2024\/04\/WhatsApp-Image-2024-04-11-at-6.49.41-PM.jpeg","type":"image\/jpeg"}],"twitter_card":"summary_large_image","twitter_title":"Diplovet - Improve -","twitter_description":"Posgrados Veterinarios en linea","twitter_image":"https:\/\/i0.wp.com\/diplovet.com.co\/sitio\/wp-content\/uploads\/2024\/04\/WhatsApp-Image-2024-04-11-at-6.49.41-PM.jpeg?fit=1080%2C1080&ssl=1","twitter_misc":{"Tiempo de lectura":"1 minuto"},"schema":{"@context":"https:\/\/schema.org","@graph":[{"@type":"WebPage","@id":"https:\/\/diplovet.com.co\/sitio\/","url":"https:\/\/diplovet.com.co\/sitio\/","name":"Inicio - Diplovet","isPartOf":{"@id":"https:\/\/diplovet.com.co\/sitio\/#website"},"datePublished":"2018-11-20T00:50:38+00:00","dateModified":"2024-10-22T14:44:02+00:00","description":"Nuestros programas online representan una nueva etapa en la formaci\u00f3n continua veterinaria. Aunque est\u00e1n divididos en diferentes categor\u00edas, todos estos cursos favorecen un enfoque digital, que cambiar\u00e1 la forma en que aprendes y organizas tu horario.","breadcrumb":{"@id":"https:\/\/diplovet.com.co\/sitio\/#breadcrumb"},"inLanguage":"es","potentialAction":[{"@type":"ReadAction","target":["https:\/\/diplovet.com.co\/sitio\/"]}]},{"@type":"BreadcrumbList","@id":"https:\/\/diplovet.com.co\/sitio\/#breadcrumb","itemListElement":[{"@type":"ListItem","position":1,"name":"Portada","item":"https:\/\/diplovet.com.co\/sitio\/"},{"@type":"ListItem","position":2,"name":"Inicio"}]},{"@type":"WebSite","@id":"https:\/\/diplovet.com.co\/sitio\/#website","url":"https:\/\/diplovet.com.co\/sitio\/","name":"Diplovet","description":"Formaci\u00f3n veterinaria en linea","publisher":{"@id":"https:\/\/diplovet.com.co\/sitio\/#organization"},"potentialAction":[{"@type":"SearchAction","target":{"@type":"EntryPoint","urlTemplate":"https:\/\/diplovet.com.co\/sitio\/?s={search_term_string}"},"query-input":{"@type":"PropertyValueSpecification","valueRequired":true,"valueName":"search_term_string"}}],"inLanguage":"es"},{"@type":"Organization","@id":"https:\/\/diplovet.com.co\/sitio\/#organization","name":"Diplovet","url":"https:\/\/diplovet.com.co\/sitio\/","logo":{"@type":"ImageObject","inLanguage":"es","@id":"https:\/\/diplovet.com.co\/sitio\/#\/schema\/logo\/image\/","url":"https:\/\/diplovet.com.co\/sitio\/wp-content\/uploads\/2024\/04\/WhatsApp-Image-2024-04-11-at-6.49.41-PM.jpeg","contentUrl":"https:\/\/diplovet.com.co\/sitio\/wp-content\/uploads\/2024\/04\/WhatsApp-Image-2024-04-11-at-6.49.41-PM.jpeg","width":1080,"height":1080,"caption":"Diplovet"},"image":{"@id":"https:\/\/diplovet.com.co\/sitio\/#\/schema\/logo\/image\/"},"sameAs":["https:\/\/www.facebook.com\/diplovetcolombia","https:\/\/www.instagram.com\/diplovetcolombia"]}]}},"jetpack_sharing_enabled":true,"_links":{"self":[{"href":"https:\/\/diplovet.com.co\/sitio\/wp-json\/wp\/v2\/pages\/24508"}],"collection":[{"href":"https:\/\/diplovet.com.co\/sitio\/wp-json\/wp\/v2\/pages"}],"about":[{"href":"https:\/\/diplovet.com.co\/sitio\/wp-json\/wp\/v2\/types\/page"}],"author":[{"embeddable":true,"href":"https:\/\/diplovet.com.co\/sitio\/wp-json\/wp\/v2\/users\/1"}],"replies":[{"embeddable":true,"href":"https:\/\/diplovet.com.co\/sitio\/wp-json\/wp\/v2\/comments?post=24508"}],"version-history":[{"count":182,"href":"https:\/\/diplovet.com.co\/sitio\/wp-json\/wp\/v2\/pages\/24508\/revisions"}],"predecessor-version":[{"id":28984,"href":"https:\/\/diplovet.com.co\/sitio\/wp-json\/wp\/v2\/pages\/24508\/revisions\/28984"}],"wp:attachment":[{"href":"https:\/\/diplovet.com.co\/sitio\/wp-json\/wp\/v2\/media?parent=24508"}],"curies":[{"name":"wp","href":"https:\/\/api.w.org\/{rel}","templated":true}]}}